{"id":15099,"date":"2024-03-27T13:44:46","date_gmt":"2024-03-27T12:44:46","guid":{"rendered":"https:\/\/www.hotelnettunoigea.it\/domande-frequenti\/"},"modified":"2026-04-21T08:39:53","modified_gmt":"2026-04-21T06:39:53","slug":"haeufig-gestellte-fragen","status":"publish","type":"page","link":"https:\/\/www.hotelnettunoigea.it\/de\/haeufig-gestellte-fragen\/","title":{"rendered":"H\u00e4ufig gestellte Fragen und n\u00fctzliche Antworten"},"content":{"rendered":"<h3>Hier finden Sie die Antworten auf die am h\u00e4ufigsten gestellten Fragen.<br \/>\nVielleicht sind sie auch f\u00fcr Sie eine n\u00fctzliche Information. Lesen Sie sie, und wenn Sie noch Zweifel haben, k\u00f6nnen Sie uns problemlos kontaktieren.<\/h3>\n","protected":false},"excerpt":{"rendered":"<p>Hier finden Sie die Antworten auf die am h\u00e4ufigsten gestellten Fragen. Vielleicht sind sie auch f\u00fcr Sie eine n\u00fctzliche Information. Lesen Sie sie, und wenn Sie noch Zweifel haben, k\u00f6nnen Sie uns problemlos kontaktieren.<\/p>\n","protected":false},"author":1,"featured_media":0,"parent":0,"menu_order":0,"comment_status":"closed","ping_status":"closed","template":"template\/template.faq.php","meta":{"_acf_changed":false},"class_list":["post-15099","page","type-page","status-publish","hentry"],"acf":[],"_links":{"self":[{"href":"https:\/\/www.hotelnettunoigea.it\/de\/wp-json\/wp\/v2\/pages\/15099","targetHints":{"allow":["GET"]}}],"collection":[{"href":"https:\/\/www.hotelnettunoigea.it\/de\/wp-json\/wp\/v2\/pages"}],"about":[{"href":"https:\/\/www.hotelnettunoigea.it\/de\/wp-json\/wp\/v2\/types\/page"}],"author":[{"embeddable":true,"href":"https:\/\/www.hotelnettunoigea.it\/de\/wp-json\/wp\/v2\/users\/1"}],"replies":[{"embeddable":true,"href":"https:\/\/www.hotelnettunoigea.it\/de\/wp-json\/wp\/v2\/comments?post=15099"}],"version-history":[{"count":8,"href":"https:\/\/www.hotelnettunoigea.it\/de\/wp-json\/wp\/v2\/pages\/15099\/revisions"}],"predecessor-version":[{"id":15409,"href":"https:\/\/www.hotelnettunoigea.it\/de\/wp-json\/wp\/v2\/pages\/15099\/revisions\/15409"}],"wp:attachment":[{"href":"https:\/\/www.hotelnettunoigea.it\/de\/wp-json\/wp\/v2\/media?parent=15099"}],"curies":[{"name":"wp","href":"https:\/\/api.w.org\/{rel}","templated":true}]}}