{"id":575,"date":"2016-07-29T12:11:55","date_gmt":"2016-07-29T10:11:55","guid":{"rendered":"https:\/\/www.hotelnettunoigea.it\/pagina-di-esempio\/"},"modified":"2025-06-26T10:13:23","modified_gmt":"2025-06-26T08:13:23","slug":"pagina-di-esempio","status":"publish","type":"page","link":"https:\/\/www.hotelnettunoigea.it\/de\/","title":{"rendered":"Nettuno, Hotel in Igea Marina, dem Meer gegen\u00fcber"},"content":{"rendered":"<h2>Direkt am Strand, im Zentrum von Igea Marina<\/h2>\n<p><strong>Nettuno, Hotel am Meer in Igea Marina<\/strong>, liegt <strong>mitten in der Fussg\u00e4ngerzone, direkt auf der Meerespromenade von Igea Marina<\/strong>.<\/p>\n<p>Eines der ersten <strong>Hotels in <a href=\"https:\/\/www.hotelnettunoigea.it\/de\/igea-marina\/\">Igea Marina<\/a><\/strong>, von <strong>Familie Ronchi pers\u00f6nlich geleitet<\/strong>, Besitzer seit drei Generationen und mit grosser Erfahrung, sehr darauf\u00a0 bedacht, dass ihre G\u00e4ste <strong>herrliche Ferien in Bellaria Igea Marina<\/strong> verbringen und die <strong>romagnolische Gastfreundschaft kennenlernen<\/strong>.<\/p>\n<p>Der Tag hier bei uns beginnt mit einem ausgezeichneten und reichhaltigen <strong>Fr\u00fchst\u00fccksbuffet<\/strong>, serviert in einem wundersch\u00f6nen Ambiente <strong>mit Meerblick<\/strong>; das Restaurant pr\u00e4sentiert einen originellen Service, <strong>sehr gepflegt, reich an Ideen<\/strong>.<\/p>\n<p>Neptun ist auch ein <strong>\u00d6ko-Hotel<\/strong>.\ud83c\udf31<br \/>\nDenn seit Jahren legen <strong>wir Wert auf Umweltvertr\u00e4glichkeit und Nachhaltigkeit.<\/strong><br \/>\n<strong>Deshalb finden Sie hier Solar- und Photovoltaiksysteme, deshalb werden fast alle R\u00e4ume mit LED-Gl\u00fchbirnen beleuchtet und deshalb setzen wir uns jedes Jahr ein \u00f6kologisches Ziel.<\/strong><br \/>\nWissen Sie, was unser neuestes Projekt ist? Finden Sie es <a href=\"https:\/\/www.hotelnettunoigea.it\/de\/eco-friendly-hotel\/\" target=\"_blank\" rel=\"noopener\"><strong>HIER<\/strong><\/a> heraus.<\/p>\n<p>&nbsp;<\/p>\n<p><a href=\"https:\/\/www.hotelnettunoigea.it\/de\/fruehstueck\/\"><img loading=\"lazy\" decoding=\"async\" class=\"alignnone size-full wp-image-7443\" src=\"https:\/\/www.hotelnettunoigea.it\/wp-content\/uploads\/2018\/12\/banner-colazione-de.jpg\" alt=\"fruhstuck meerblock\" width=\"696\" height=\"292\" data-big-size=\"696x292\" \/><\/a><\/p>\n","protected":false},"excerpt":{"rendered":"<p>Direkt am Strand, im Zentrum von Igea Marina Nettuno, Hotel am Meer in Igea Marina, liegt mitten in der Fussg\u00e4ngerzone, direkt auf der Meerespromenade von Igea Marina. Eines der ersten Hotels in Igea Marina, von Familie Ronchi pers\u00f6nlich geleitet, Besitzer seit drei Generationen und mit grosser Erfahrung, sehr darauf\u00a0 bedacht, dass ihre G\u00e4ste herrliche Ferien in Bellaria Igea Marina verbringen und die romagnolische Gastfreundschaft kennenlernen. Der Tag hier bei uns &#8230;<\/p>\n","protected":false},"author":1,"featured_media":0,"parent":0,"menu_order":0,"comment_status":"closed","ping_status":"open","template":"","meta":{"_acf_changed":false},"class_list":["post-575","page","type-page","status-publish","hentry"],"acf":[],"_links":{"self":[{"href":"https:\/\/www.hotelnettunoigea.it\/de\/wp-json\/wp\/v2\/pages\/575","targetHints":{"allow":["GET"]}}],"collection":[{"href":"https:\/\/www.hotelnettunoigea.it\/de\/wp-json\/wp\/v2\/pages"}],"about":[{"href":"https:\/\/www.hotelnettunoigea.it\/de\/wp-json\/wp\/v2\/types\/page"}],"author":[{"embeddable":true,"href":"https:\/\/www.hotelnettunoigea.it\/de\/wp-json\/wp\/v2\/users\/1"}],"replies":[{"embeddable":true,"href":"https:\/\/www.hotelnettunoigea.it\/de\/wp-json\/wp\/v2\/comments?post=575"}],"version-history":[{"count":4,"href":"https:\/\/www.hotelnettunoigea.it\/de\/wp-json\/wp\/v2\/pages\/575\/revisions"}],"predecessor-version":[{"id":15343,"href":"https:\/\/www.hotelnettunoigea.it\/de\/wp-json\/wp\/v2\/pages\/575\/revisions\/15343"}],"wp:attachment":[{"href":"https:\/\/www.hotelnettunoigea.it\/de\/wp-json\/wp\/v2\/media?parent=575"}],"curies":[{"name":"wp","href":"https:\/\/api.w.org\/{rel}","templated":true}]}}