{"id":595,"date":"2016-12-23T11:10:32","date_gmt":"2016-12-23T10:10:32","guid":{"rendered":"https:\/\/www.hotelnettunoigea.it\/offerte\/"},"modified":"2019-09-13T11:49:01","modified_gmt":"2019-09-13T09:49:01","slug":"angebote","status":"publish","type":"page","link":"https:\/\/www.hotelnettunoigea.it\/de\/angebote\/","title":{"rendered":"Angebote"},"content":{"rendered":"<h2><span class=\"tlid-translation translation\" lang=\"de\"><span class=\"\" title=\"\">Die besten Angebote f\u00fcr Ihren Urlaub in Igea Marina: Hier sind Sie am Meer!<\/span><\/span><\/h2>\n<p><span class=\"tlid-translation translation\" lang=\"de\"><span class=\"\" title=\"\">Suchen Sie nach dem idealen Hotelangebot in Igea Marina?<\/span> <span class=\"\" title=\"\">Das H<strong>otel Nettuno bietet bequeme M\u00f6glichkeiten<\/strong>, um den Aufenthalt am Meer zu genie\u00dfen, den Sie m\u00f6chten, sowohl zu zweit als auch mit der Familie.<\/span><\/span><\/p>\n","protected":false},"excerpt":{"rendered":"<p>Die besten Angebote f\u00fcr Ihren Urlaub in Igea Marina: Hier sind Sie am Meer! Suchen Sie nach dem idealen Hotelangebot in Igea Marina? Das Hotel Nettuno bietet bequeme M\u00f6glichkeiten, um den Aufenthalt am Meer zu genie\u00dfen, den Sie m\u00f6chten, sowohl zu zweit als auch mit der Familie.<\/p>\n","protected":false},"author":1,"featured_media":0,"parent":0,"menu_order":0,"comment_status":"closed","ping_status":"closed","template":"template\/template.offerte.php","meta":{"_acf_changed":false},"class_list":["post-595","page","type-page","status-publish","hentry"],"acf":[],"_links":{"self":[{"href":"https:\/\/www.hotelnettunoigea.it\/de\/wp-json\/wp\/v2\/pages\/595","targetHints":{"allow":["GET"]}}],"collection":[{"href":"https:\/\/www.hotelnettunoigea.it\/de\/wp-json\/wp\/v2\/pages"}],"about":[{"href":"https:\/\/www.hotelnettunoigea.it\/de\/wp-json\/wp\/v2\/types\/page"}],"author":[{"embeddable":true,"href":"https:\/\/www.hotelnettunoigea.it\/de\/wp-json\/wp\/v2\/users\/1"}],"replies":[{"embeddable":true,"href":"https:\/\/www.hotelnettunoigea.it\/de\/wp-json\/wp\/v2\/comments?post=595"}],"version-history":[{"count":1,"href":"https:\/\/www.hotelnettunoigea.it\/de\/wp-json\/wp\/v2\/pages\/595\/revisions"}],"predecessor-version":[{"id":8655,"href":"https:\/\/www.hotelnettunoigea.it\/de\/wp-json\/wp\/v2\/pages\/595\/revisions\/8655"}],"wp:attachment":[{"href":"https:\/\/www.hotelnettunoigea.it\/de\/wp-json\/wp\/v2\/media?parent=595"}],"curies":[{"name":"wp","href":"https:\/\/api.w.org\/{rel}","templated":true}]}}