{"id":603,"date":"2017-02-27T16:41:46","date_gmt":"2017-02-27T15:41:46","guid":{"rendered":"https:\/\/www.hotelnettunoigea.it\/appartamenti\/"},"modified":"2025-10-24T12:02:51","modified_gmt":"2025-10-24T10:02:51","slug":"apartments","status":"publish","type":"page","link":"https:\/\/www.hotelnettunoigea.it\/de\/apartments\/","title":{"rendered":"Ferienwohnungen am Strand in Igea Marina"},"content":{"rendered":"<p><strong>Hotel Nettuno<\/strong>\u00a0verf\u00fcgt \u00fcber 2 nagelneue, am Hotel angrenzende <strong>Apartments<\/strong>, ca.20 m vom <strong>Strand entfernt im Zentrum<\/strong> <strong>von Igea Marina, in der Fussg\u00e4ngerzone.<\/strong><\/p>\n<p><strong>\u00a0<\/strong><\/p>\n","protected":false},"excerpt":{"rendered":"<p>Hotel Nettuno\u00a0verf\u00fcgt \u00fcber 2 nagelneue, am Hotel angrenzende Apartments, ca.20 m vom Strand entfernt im Zentrum von Igea Marina, in der Fussg\u00e4ngerzone. \u00a0<\/p>\n","protected":false},"author":1,"featured_media":0,"parent":0,"menu_order":0,"comment_status":"closed","ping_status":"closed","template":"template\/template.appartamenti.php","meta":{"_acf_changed":false},"class_list":["post-603","page","type-page","status-publish","hentry"],"acf":[],"_links":{"self":[{"href":"https:\/\/www.hotelnettunoigea.it\/de\/wp-json\/wp\/v2\/pages\/603","targetHints":{"allow":["GET"]}}],"collection":[{"href":"https:\/\/www.hotelnettunoigea.it\/de\/wp-json\/wp\/v2\/pages"}],"about":[{"href":"https:\/\/www.hotelnettunoigea.it\/de\/wp-json\/wp\/v2\/types\/page"}],"author":[{"embeddable":true,"href":"https:\/\/www.hotelnettunoigea.it\/de\/wp-json\/wp\/v2\/users\/1"}],"replies":[{"embeddable":true,"href":"https:\/\/www.hotelnettunoigea.it\/de\/wp-json\/wp\/v2\/comments?post=603"}],"version-history":[{"count":9,"href":"https:\/\/www.hotelnettunoigea.it\/de\/wp-json\/wp\/v2\/pages\/603\/revisions"}],"predecessor-version":[{"id":15355,"href":"https:\/\/www.hotelnettunoigea.it\/de\/wp-json\/wp\/v2\/pages\/603\/revisions\/15355"}],"wp:attachment":[{"href":"https:\/\/www.hotelnettunoigea.it\/de\/wp-json\/wp\/v2\/media?parent=603"}],"curies":[{"name":"wp","href":"https:\/\/api.w.org\/{rel}","templated":true}]}}