{"id":614,"date":"2017-02-27T12:52:00","date_gmt":"2017-02-27T11:52:00","guid":{"rendered":"https:\/\/www.hotelnettunoigea.it\/dove-siamo\/"},"modified":"2023-11-03T12:37:06","modified_gmt":"2023-11-03T11:37:06","slug":"wo-sie-uns-finden","status":"publish","type":"page","link":"https:\/\/www.hotelnettunoigea.it\/de\/wo-sie-uns-finden\/","title":{"rendered":"Wie komme ich zum Hotel Nettuno in Igea Marina?"},"content":{"rendered":"<h2>Egal ob mit Auto, Bahn oder Flugzeug &#8230; die Anreise ist<br \/>\nsehr einfach!<\/h2>\n<p>Bellaria Igea Marina liegt an der Adriak\u00fcste der Region Romagna und ist dank der Bahn- und Flughafenverbindungen von Deutschland aus leicht zu erreichen.<br \/>\nBevorzugen Sie eine Anreise mit Auto, Zug oder Flugzeug? Folgen Sie dabei unseren Anweisungen.<\/p>\n<p><span style=\"color: #58cfcb;\"><strong>F\u00fcr diejenigen, die mit dem Auto anreisen:<\/strong><\/span><br \/>\nNehmen Sie, nachdem Sie die italienische Grenze \u00fcberquert haben, die Autobahn A22 in Richtung Bologna und von Bologna aus die Autobahn A14 bis zur Ausfahrt Rimini Nord. Von der Mautstelle aus folgen Sie den Schildern in Richtung Igea Marina bis zur Strandpromenade Alfonso Pinzon. Das Hotel befindet sich entlang der Strandpromenade in der H\u00f6he der Badeanstalt Bagno 78\/Bis in Via Quinto Ennio 2.<\/p>\n<p><span style=\"color: #58cfcb;\"><strong>F\u00fcr diejenigen, die mit dem Zug anreisen:<\/strong><\/span> Sie reisen gerne bequem und nachhaltig mit dem Zug? \u267b<br \/>\n<strong>Nutzen Sie<\/strong>\u00a0die t\u00e4gliche Bahnverbindung <strong>M\u00fcnchen-Rimini.<\/strong><br \/>\nUm das Hotel Nettuno vom Bahnhof Rimini aus zu erreichen, stehen Ihnen folgende M\u00f6glichkeiten zur Verf\u00fcgung:<\/p>\n<ul>\n<li>Bus Nummer 4 (Abfahrt alle 15 Minuten)<\/li>\n<li>Taxifahrt<\/li>\n<\/ul>\n<p>\u2708<span style=\"color: #58cfcb;\"><strong>F\u00fcr diejenigen, die mit dem Flugzeug anreisen:<\/strong><\/span><br \/>\nDirektfl\u00fcge verbinden den Flughafen Bologna Marconi mit M\u00fcnchen, Frankfurt, K\u00f6ln, D\u00fcsseldorf und Stuttgart.<br \/>\nUm das Hotel Nettuno vom Flughafen Bologna aus zu erreichen, haben Siefolgende M\u00f6glichkeiten:<\/p>\n<ul>\n<li><em>Shuttle Italy Airport<\/em> bis zum Bahnhof von Rimini und dann bis zum Hotel mit dem Bus oder Taxi<\/li>\n<\/ul>\n<p>Direktfl\u00fcge verbinden den Flughafen Rimini Fellini mit Wien und Luxemburg.<\/p>\n<p>Um das Hotel Nettuno vom Flughafen Rimini aus zu erreichen, stehen Ihnen folgende M\u00f6glichkeiten zur Verf\u00fcgung:<\/p>\n<ul>\n<li>Bus Nummer 9 bis zum Augustusbogen und dann Bus Nummer 4 bis zum Hotel Nettuno<\/li>\n<li>Taxifahrt<\/li>\n<\/ul>\n<p><strong>Bellaria Igea Marina ist der perfekte Ausgangspunkt, f\u00fcr das Erkunden des Hinterlands von Rimini und in optimaler N\u00e4he zu den Sehensw\u00fcrdigkeiten Mittelitaliens.<\/strong><\/p>\n<hr \/>\n<h3><strong>Wir blicken auf das Meer: Sie m\u00fcssen nur eine Stra\u00dfe \u00fcberqueren, um Ihre F\u00fc\u00dfe im Sand zu haben &#8230;<\/strong><\/h3>\n<div id='gallery-1' class='gallery galleryid-614 gallery-columns-3 gallery-size-medium'><figure class='gallery-item'>\n\t\t\t<div class='gallery-icon landscape'>\n\t\t\t\t<img loading=\"lazy\" decoding=\"async\" width=\"640\" height=\"450\" src=\"https:\/\/www.hotelnettunoigea.it\/wp-content\/uploads\/2017\/02\/Piscina_Panoramica_Hotel_Nettuno_Igea_Marina-1-640x450.jpg\" class=\"attachment-medium size-medium\" alt=\"\" \/>\n\t\t\t<\/div><\/figure><figure class='gallery-item'>\n\t\t\t<div class='gallery-icon landscape'>\n\t\t\t\t<img loading=\"lazy\" decoding=\"async\" width=\"640\" height=\"450\" src=\"https:\/\/www.hotelnettunoigea.it\/wp-content\/uploads\/2023\/03\/Camera_Nettuno_Hotel_Nettuno_Igea_Marina-5-640x450.jpg\" class=\"attachment-medium size-medium\" alt=\"\" \/>\n\t\t\t<\/div><\/figure><figure class='gallery-item'>\n\t\t\t<div class='gallery-icon landscape'>\n\t\t\t\t<img loading=\"lazy\" decoding=\"async\" width=\"640\" height=\"450\" src=\"https:\/\/www.hotelnettunoigea.it\/wp-content\/uploads\/2021\/08\/IMG_8685-640x450.jpg\" class=\"attachment-medium size-medium\" alt=\"\" \/>\n\t\t\t<\/div><\/figure><figure class='gallery-item'>\n\t\t\t<div class='gallery-icon landscape'>\n\t\t\t\t<img loading=\"lazy\" decoding=\"async\" width=\"640\" height=\"450\" src=\"https:\/\/www.hotelnettunoigea.it\/wp-content\/uploads\/2017\/02\/Vista-mare-dalla-terrazza-panoramica-640x450.jpg\" class=\"attachment-medium size-medium\" alt=\"\" \/>\n\t\t\t<\/div><\/figure>\n\t\t<\/div>\n\n","protected":false},"excerpt":{"rendered":"<p>Egal ob mit Auto, Bahn oder Flugzeug &#8230; die Anreise ist sehr einfach! Bellaria Igea Marina liegt an der Adriak\u00fcste der Region Romagna und ist dank der Bahn- und Flughafenverbindungen von Deutschland aus leicht zu erreichen. Bevorzugen Sie eine Anreise mit Auto, Zug oder Flugzeug? Folgen Sie dabei unseren Anweisungen. F\u00fcr diejenigen, die mit dem Auto anreisen: Nehmen Sie, nachdem Sie die italienische Grenze \u00fcberquert haben, die Autobahn A22 in &#8230;<\/p>\n","protected":false},"author":1,"featured_media":0,"parent":0,"menu_order":0,"comment_status":"closed","ping_status":"closed","template":"template\/template.punti-di-interesse.php","meta":{"_acf_changed":false},"class_list":["post-614","page","type-page","status-publish","hentry"],"acf":[],"_links":{"self":[{"href":"https:\/\/www.hotelnettunoigea.it\/de\/wp-json\/wp\/v2\/pages\/614","targetHints":{"allow":["GET"]}}],"collection":[{"href":"https:\/\/www.hotelnettunoigea.it\/de\/wp-json\/wp\/v2\/pages"}],"about":[{"href":"https:\/\/www.hotelnettunoigea.it\/de\/wp-json\/wp\/v2\/types\/page"}],"author":[{"embeddable":true,"href":"https:\/\/www.hotelnettunoigea.it\/de\/wp-json\/wp\/v2\/users\/1"}],"replies":[{"embeddable":true,"href":"https:\/\/www.hotelnettunoigea.it\/de\/wp-json\/wp\/v2\/comments?post=614"}],"version-history":[{"count":5,"href":"https:\/\/www.hotelnettunoigea.it\/de\/wp-json\/wp\/v2\/pages\/614\/revisions"}],"predecessor-version":[{"id":14986,"href":"https:\/\/www.hotelnettunoigea.it\/de\/wp-json\/wp\/v2\/pages\/614\/revisions\/14986"}],"wp:attachment":[{"href":"https:\/\/www.hotelnettunoigea.it\/de\/wp-json\/wp\/v2\/media?parent=614"}],"curies":[{"name":"wp","href":"https:\/\/api.w.org\/{rel}","templated":true}]}}