{"id":619,"date":"2017-03-23T15:12:45","date_gmt":"2017-03-23T14:12:45","guid":{"rendered":"https:\/\/www.hotelnettunoigea.it\/igea-marina\/"},"modified":"2019-09-13T11:52:02","modified_gmt":"2019-09-13T09:52:02","slug":"igea-marina","status":"publish","type":"page","link":"https:\/\/www.hotelnettunoigea.it\/de\/igea-marina\/","title":{"rendered":"Igea Marina"},"content":{"rendered":"<h2>Ein Sprung von Rimini mit Blick auf das Meer, den vollen Geschmack der romagnolischen Riviera<\/h2>\n<p><strong>Ein unendlicher Strand<\/strong>. Mit seinem sieben Kilometer langen feinen und hellen Sandstrand ist <strong>Bellaria Igea Marina<\/strong> die ideale Wahl f\u00fcr diejenigen, die ihren Urlaub <strong>ganz in Ruhe, zum Vergn\u00fcgen und zum Wohlergehen<\/strong> verbringen m\u00f6chten.<\/p>\n<p>Der\u00a0 <strong>Strand<\/strong> ist ein weicher goldener Teppich, auf dem die <strong>Kinder frei spielen k\u00f6nnen sowie f\u00fcr diejenigen, die das Leben an frischer Luft geniessen und ihren Lieblingssport aus\u00fcben wollen oder in derSonne liegen m\u00f6chten<\/strong>, weit weg vom Stresss des t\u00e4glichen Lebens.<\/p>\n<p>Vom traditionellen <strong>Bocciaspiel zum Beach Volley<\/strong>, vom <strong>Beach Tennis<\/strong> zum <strong>Beach Soccer<\/strong> und zu den vergn\u00fcglichen Aktivit\u00e4ten wie <strong>Aquagym und lateinischen T\u00e4nzen<\/strong>. Es gibt <strong>zwei Segelclubs<\/strong> f\u00fcr die\u00a0 Meeresliebhaber und <strong>Tennispl\u00e4tze<\/strong> wenige hundert Meter vom Strand entfernt, zwei herrliche <strong>Golf-Pl\u00e4tze nur wenige Autominuten<\/strong> entfernt, zusammen mit ausgestatteten Parks und Strecken f\u00fcr <strong>Radtourismus<\/strong> und <strong>Trekking<\/strong> vervollst\u00e4ndigen sie das Angebot an powervollem Tourismus.<\/p>\n<p>&nbsp;<\/p>\n","protected":false},"excerpt":{"rendered":"<p>Ein Sprung von Rimini mit Blick auf das Meer, den vollen Geschmack der romagnolischen Riviera Ein unendlicher Strand. Mit seinem sieben Kilometer langen feinen und hellen Sandstrand ist Bellaria Igea Marina die ideale Wahl f\u00fcr diejenigen, die ihren Urlaub ganz in Ruhe, zum Vergn\u00fcgen und zum Wohlergehen verbringen m\u00f6chten. Der\u00a0 Strand ist ein weicher goldener Teppich, auf dem die Kinder frei spielen k\u00f6nnen sowie f\u00fcr diejenigen, die das Leben an &#8230;<\/p>\n","protected":false},"author":1,"featured_media":0,"parent":0,"menu_order":0,"comment_status":"closed","ping_status":"closed","template":"","meta":{"_acf_changed":false},"class_list":["post-619","page","type-page","status-publish","hentry"],"acf":[],"_links":{"self":[{"href":"https:\/\/www.hotelnettunoigea.it\/de\/wp-json\/wp\/v2\/pages\/619","targetHints":{"allow":["GET"]}}],"collection":[{"href":"https:\/\/www.hotelnettunoigea.it\/de\/wp-json\/wp\/v2\/pages"}],"about":[{"href":"https:\/\/www.hotelnettunoigea.it\/de\/wp-json\/wp\/v2\/types\/page"}],"author":[{"embeddable":true,"href":"https:\/\/www.hotelnettunoigea.it\/de\/wp-json\/wp\/v2\/users\/1"}],"replies":[{"embeddable":true,"href":"https:\/\/www.hotelnettunoigea.it\/de\/wp-json\/wp\/v2\/comments?post=619"}],"version-history":[{"count":0,"href":"https:\/\/www.hotelnettunoigea.it\/de\/wp-json\/wp\/v2\/pages\/619\/revisions"}],"wp:attachment":[{"href":"https:\/\/www.hotelnettunoigea.it\/de\/wp-json\/wp\/v2\/media?parent=619"}],"curies":[{"name":"wp","href":"https:\/\/api.w.org\/{rel}","templated":true}]}}