{"id":625,"date":"2017-03-23T14:26:45","date_gmt":"2017-03-23T13:26:45","guid":{"rendered":"https:\/\/www.hotelnettunoigea.it\/spiaggia\/"},"modified":"2019-09-13T11:28:05","modified_gmt":"2019-09-13T09:28:05","slug":"strand","status":"publish","type":"page","link":"https:\/\/www.hotelnettunoigea.it\/de\/strand\/","title":{"rendered":"Der Strand befindet sich vor dem Hotel"},"content":{"rendered":"<h2>Hier im Hotel Nettuno in Igea Marina ist der Strand nur einen Schritt von Ihnen entfernt!<\/h2>\n<p><strong>Sicherheit und Sauberkeit sind<\/strong> die Qualit\u00e4ten, die den <strong>Strand des Hotel Nettuno von Igea Marina Bellaria<\/strong> zu einem nat\u00fcrlichen <strong>Urlaubsziel f\u00fcr Familien mit Kindern gemacht hat<\/strong>. Der\u00a0 <strong>sandige Grund<\/strong>, auf einer l\u00e4ngeren Strecke flach und ohne Gefahr, ist der ideale Ort, die Wohltat und die Freude eines <strong>Bades im Meer<\/strong> mit <strong>totalem Relax und Sicherheit geniessen zu k\u00f6nnen<\/strong>. Das <strong>\u201cBagno\u201d vom Hotel Nettuno Igea<\/strong> ist mit Einrichtungen f\u00fcr den <strong>Strandsport<\/strong> ausgestattet, vom traditionellen <strong>BeachVolley<\/strong> zum <strong>Tischtennis<\/strong> sowie mit vergn\u00fcglichen Aktivit\u00e4ten wie <strong>Aquagym<\/strong> und <strong>lateinische T\u00e4nze<\/strong>.<\/p>\n","protected":false},"excerpt":{"rendered":"<p>Hier im Hotel Nettuno in Igea Marina ist der Strand nur einen Schritt von Ihnen entfernt! Sicherheit und Sauberkeit sind die Qualit\u00e4ten, die den Strand des Hotel Nettuno von Igea Marina Bellaria zu einem nat\u00fcrlichen Urlaubsziel f\u00fcr Familien mit Kindern gemacht hat. Der\u00a0 sandige Grund, auf einer l\u00e4ngeren Strecke flach und ohne Gefahr, ist der ideale Ort, die Wohltat und die Freude eines Bades im Meer mit totalem Relax und &#8230;<\/p>\n","protected":false},"author":1,"featured_media":0,"parent":0,"menu_order":0,"comment_status":"closed","ping_status":"closed","template":"","meta":{"_acf_changed":false},"class_list":["post-625","page","type-page","status-publish","hentry"],"acf":[],"_links":{"self":[{"href":"https:\/\/www.hotelnettunoigea.it\/de\/wp-json\/wp\/v2\/pages\/625","targetHints":{"allow":["GET"]}}],"collection":[{"href":"https:\/\/www.hotelnettunoigea.it\/de\/wp-json\/wp\/v2\/pages"}],"about":[{"href":"https:\/\/www.hotelnettunoigea.it\/de\/wp-json\/wp\/v2\/types\/page"}],"author":[{"embeddable":true,"href":"https:\/\/www.hotelnettunoigea.it\/de\/wp-json\/wp\/v2\/users\/1"}],"replies":[{"embeddable":true,"href":"https:\/\/www.hotelnettunoigea.it\/de\/wp-json\/wp\/v2\/comments?post=625"}],"version-history":[{"count":0,"href":"https:\/\/www.hotelnettunoigea.it\/de\/wp-json\/wp\/v2\/pages\/625\/revisions"}],"wp:attachment":[{"href":"https:\/\/www.hotelnettunoigea.it\/de\/wp-json\/wp\/v2\/media?parent=625"}],"curies":[{"name":"wp","href":"https:\/\/api.w.org\/{rel}","templated":true}]}}