{"id":661,"date":"2017-03-22T17:21:02","date_gmt":"2017-03-22T16:21:02","guid":{"rendered":"https:\/\/www.hotelnettunoigea.it\/servizi\/"},"modified":"2024-06-03T08:31:05","modified_gmt":"2024-06-03T06:31:05","slug":"leistungen","status":"publish","type":"page","link":"https:\/\/www.hotelnettunoigea.it\/de\/leistungen\/","title":{"rendered":"Leistungen"},"content":{"rendered":"<h3>Nach Ihrer Ankunft am Hotel vergessen Sie das Auto, weil das Meer direkt vor Ihnen liegt<\/h3>\n<p>Im<strong> Nettuno, dem 3-Sterne-Hotel mit Parkplatz in Igea Marina<\/strong>, erleben Sie Ihren Urlaub am Meer ganz sorgenfrei, weil Sie wissen, dass Sie bereits bei Ihrer Ankunft alle Aufmerksamkeiten erwarten, die f\u00fcr einen unbeschwerten Aufenthalt n\u00fctzlich sind.<\/p>\n<p>Alle gro\u00dfr\u00e4umigen und hellen R\u00e4umlichkeiten, von den Gemeinschaftsbereichen bis zu I<strong>hrem Zimmer mit Blick auf das Meer, sind komplett klimatisiert.<\/strong><\/p>\n<p>Morgens beim Aufwachen wissen Sie, dass Sie ein wohlschmeckendes <strong>Fr\u00fchst\u00fccks-Buffet auf der Panoramaterrasse mit Blick auf das Meer erwartet<\/strong>, um direkt zu Beginn des Tages den Geschmack des Urlaubs genie\u00dfen zu k\u00f6nnen. Und anschlie\u00dfend w\u00e4hlen Sie: <strong>Strand oder Pool mit Whirlpool?<\/strong> In jedem Fall m\u00fcssen Sie keine gro\u00dfen Strecken zur\u00fccklegen! Nur 10 Schritte und Sie befinden sich bereits auf dem goldenen Sand!<\/p>\n<p><strong>Mittag- und Abendessen?<\/strong> Es gibt eine <strong>offene K\u00fcche, einen Service mit Buffet, mit gegrillten Gem\u00fcse-, Fisch- und Fleischspezialit\u00e4ten, frisch zubereiteten ersten G\u00e4ngen und vor Ihren Augen in den Ofen geschobene Pizza von Paolo, der sich pers\u00f6nlich um den Einkauf k\u00fcmmert und f\u00fcr Sie die besten Gerichte der italienischen romagnolischen Tradition kreiert (ach ja\u2026 es gibt auch ein Buffet mit S\u00fc\u00dfspeisen!)<\/strong><\/p>\n<p>Und f\u00fcr die Kleinsten gibt es all die <strong><a href=\"https:\/\/www.hotelnettunoigea.it\/de\/animation\/\">Animation<\/a>, die sie suchen (im Hotel und am Strand)<\/strong> und einen Spielbereich, wo sie in v\u00f6lliger Sicherheit Spa\u00df haben k\u00f6nnen.<\/p>\n<hr \/>\n<h3><span style=\"font-weight: 400;\">\u267b Schlagwort:\u00a0 <strong><a href=\"https:\/\/www.hotelnettunoigea.it\/de\/eco-friendly-hotel\/\" target=\"_blank\" rel=\"noopener\">Nachhaltigkeit<\/a>!<\/strong><\/span><\/h3>\n<p><span style=\"font-weight: 400;\">Im Hotel Nettuno ist Ihr Urlaub umweltfreundlich: entdecken Sie die <a href=\"https:\/\/www.hotelnettunoigea.it\/de\/eco-friendly-hotel\/\">umweltfreundlichen Aufmerksamkeiten<\/a> \ud83c\udf31 und sch\u00e4tzen Sie diese auch zu Hause! <\/span><\/p>\n<hr \/>\n<h3>Nachfolgend alle in Ihrem Aufenthalt inbegriffenen Serviceleistungen<\/h3>\n<ul>\n<li><strong>Offene K\u00fcche<\/strong>, mit t\u00e4glich Fleisch- und Fischmen\u00fcs zum Mittag- und Abendessen;<\/li>\n<li>Unwiderstehliches s\u00fc\u00dfes und herzhaftes <strong><a href=\"https:\/\/www.hotelnettunoigea.it\/de\/fruehstueck\/\">Fr\u00fchst\u00fccksbuffet<\/a> mit Panoramaausblick<\/strong>;<\/li>\n<li><strong>Animation f\u00fcr Kinder<\/strong> (und auch f\u00fcr die Gro\u00dfen!);;<\/li>\n<li><strong>Sonnenterrasse mit Meerblick mit <a href=\"https:\/\/www.hotelnettunoigea.it\/de\/pool\/\"><strong>Pool und Whirlpool<\/strong><\/a>;<\/strong><\/li>\n<li><strong>Spielbereich<\/strong> im Hotel und Spielplatz am Strand;<\/li>\n<li><strong>American Bar und Veranda<\/strong> mit Tischchen mit Blick auf die Promenade;<\/li>\n<li>Kostenloser Verleih von 6 <strong>Fahrr\u00e4dern<\/strong>\u00a0(von 8.00 Uhr bis 20.00 Uhr);<\/li>\n<li><strong>24 Stunden besetztes Rezeption.<\/strong><\/li>\n<\/ul>\n","protected":false},"excerpt":{"rendered":"<p>Nach Ihrer Ankunft am Hotel vergessen Sie das Auto, weil das Meer direkt vor Ihnen liegt Im Nettuno, dem 3-Sterne-Hotel mit Parkplatz in Igea Marina, erleben Sie Ihren Urlaub am Meer ganz sorgenfrei, weil Sie wissen, dass Sie bereits bei Ihrer Ankunft alle Aufmerksamkeiten erwarten, die f\u00fcr einen unbeschwerten Aufenthalt n\u00fctzlich sind. Alle gro\u00dfr\u00e4umigen und hellen R\u00e4umlichkeiten, von den Gemeinschaftsbereichen bis zu Ihrem Zimmer mit Blick auf das Meer, sind &#8230;<\/p>\n","protected":false},"author":1,"featured_media":0,"parent":0,"menu_order":0,"comment_status":"closed","ping_status":"closed","template":"","meta":{"_acf_changed":false},"class_list":["post-661","page","type-page","status-publish","hentry"],"acf":[],"_links":{"self":[{"href":"https:\/\/www.hotelnettunoigea.it\/de\/wp-json\/wp\/v2\/pages\/661","targetHints":{"allow":["GET"]}}],"collection":[{"href":"https:\/\/www.hotelnettunoigea.it\/de\/wp-json\/wp\/v2\/pages"}],"about":[{"href":"https:\/\/www.hotelnettunoigea.it\/de\/wp-json\/wp\/v2\/types\/page"}],"author":[{"embeddable":true,"href":"https:\/\/www.hotelnettunoigea.it\/de\/wp-json\/wp\/v2\/users\/1"}],"replies":[{"embeddable":true,"href":"https:\/\/www.hotelnettunoigea.it\/de\/wp-json\/wp\/v2\/comments?post=661"}],"version-history":[{"count":4,"href":"https:\/\/www.hotelnettunoigea.it\/de\/wp-json\/wp\/v2\/pages\/661\/revisions"}],"predecessor-version":[{"id":15123,"href":"https:\/\/www.hotelnettunoigea.it\/de\/wp-json\/wp\/v2\/pages\/661\/revisions\/15123"}],"wp:attachment":[{"href":"https:\/\/www.hotelnettunoigea.it\/de\/wp-json\/wp\/v2\/media?parent=661"}],"curies":[{"name":"wp","href":"https:\/\/api.w.org\/{rel}","templated":true}]}}