{"id":9923,"date":"2020-05-27T08:54:30","date_gmt":"2020-05-27T06:54:30","guid":{"rendered":"https:\/\/www.hotelnettunoigea.it\/estate-sicura\/"},"modified":"2022-02-08T10:24:39","modified_gmt":"2022-02-08T09:24:39","slug":"sicherer-urlaub-in-italien","status":"publish","type":"page","link":"https:\/\/www.hotelnettunoigea.it\/de\/sicherer-urlaub-in-italien\/","title":{"rendered":"SICHERER URLAUB IM HOTEL NETTUNO IN IGEA MARINA"},"content":{"rendered":"<p style=\"float: left; margin-right: 5px;\"><img loading=\"lazy\" decoding=\"async\" class=\"size-full wp-image-9090 alignleft\" src=\"https:\/\/www.hotelnettunoigea.it\/wp-content\/uploads\/2020\/05\/certificato.png\" alt=\"\" width=\"40\" height=\"40\" data-big-size=\"40x40\" \/><\/p>\n<h2>Hier ist Ihr Urlaub sicher und noch unbeschwerter.<\/h2>\n<p>Hier im Hotel Nettuno freuen wir uns darauf, Sie im n\u00e4chsten Sommer 2022 begr\u00fc\u00dfen zu d\u00fcrfen!<br \/>\nDank der Erfahrung der vorigen Sommersaison, haben wir einige der Zimmer und einige Aspekte unserer G\u00e4stebetreuung so angepasst, dass <strong>jeder Moment Ihres Aufenthalts im Hotel Nettuno zu einem angenehmen und sicheren Erlebnis wird.<\/strong><\/p>\n<h3>Lesen Sie hier unten, wie wir uns organisiert haben:<\/h3>\n<hr \/>\n<p><strong> <span style=\"background-color: #0b7abf;\"><span style=\"font-size: 19px;\"><span style=\"color: #fff;\">?\u200d? Schulung des Personals<\/span><\/span><\/span><\/strong><br \/>\nWir haben gelesen und studiert, und eine spezifische Schulung gemacht, mit dem Ziel jede Ansteckungsm\u00f6glichkeit zu minimieren und die gr\u00f6\u00dfte Professionalit\u00e4t f\u00fcr die Sicherheit aller zu gew\u00e4hrleisten.<\/p>\n<hr \/>\n<p><strong> <span style=\"background-color: #0b7abf;\"><span style=\"font-size: 19px;\"><span style=\"color: #fff;\">? Zertifizierung des Personals<\/span><\/span><\/span><\/strong><br \/>\nWir \u00fcberwachen regelm\u00e4\u00dfig den Gesundheitszustand sowie den Stand der Immunisierung unseres gesamten Teams.<\/p>\n<hr \/>\n<p><strong> <span style=\"background-color: #0b7abf;\"><span style=\"font-size: 19px;\"><span style=\"color: #fff;\">? Sanierung der Zimmer<\/span><\/span><\/span><\/strong><br \/>\nZus\u00e4tzlich zur normalen Reinigung machen wir allt\u00e4glich auch eine spezielle Sanierung jeder Oberfl\u00e4che in allen Zimmern.<br \/>\nDas Waschen und die Desinfektion der W\u00e4sche werden zertifiziert. Um die Hygiene zu optimieren, wird die dekorative Ausstattung der Zimmer n\u00fcchterner ausfallen.<\/p>\n<p>Wenn Sie es vorziehen, dass niemand w\u00e4hrend Ihres Aufenthalts in Ihr Zimmer kommt, geben wir Ihnen die saubere W\u00e4sche f\u00fcr den Wechsel und das Reinigungsset f\u00fcr die t\u00e4gliche Pflege Ihres Zimmers.<br \/>\nSie k\u00f6nnen uns dies auch zum Zeitpunkt der Buchung mitteilen.<\/p>\n<hr \/>\n<p><strong> <span style=\"background-color: #0b7abf;\"><span style=\"font-size: 19px;\"><span style=\"color: #fff;\">? Vereinfachte Ein-und Auscheckverfahren <\/span><\/span><\/span><\/strong><br \/>\nSie k\u00f6nnen den Gro\u00dfteil der b\u00fcrokratischen Vorg\u00e4nge bereits vor Ihrer Ankunft online erledigen.<br \/>\nBei Ihrer Ankunft an der Rezeption finden Sie eine gekennzeichnete Strecke vor, die Ihnen den richtigen Abstand gew\u00e4hrleistet.<br \/>\nWir geben Ihnen den desinfizierten Schl\u00fcssel Ihres Zimmers, den Sie bis zum Tag der Abreise behalten.<\/p>\n<hr \/>\n<p><strong> <span style=\"background-color: #0b7abf;\"><span style=\"font-size: 19px;\"><span style=\"color: #fff;\">? Flexiblere Buchungen <\/span><\/span><\/span><\/strong><br \/>\nEs gibt eine gr\u00f6\u00dfere Freiheit bei der Wahl der Aufenthaltsdaten und die M\u00f6glichkeit Ihre Buchung geb\u00fchrenfrei zu verschieben.<\/p>\n<hr \/>\n<p><strong> <span style=\"background-color: #0b7abf;\"><span style=\"font-size: 19px;\"><span style=\"color: #fff;\">? Fr\u00fchst\u00fcck<\/span><\/span><\/span><\/strong><br \/>\nDer Fr\u00fchst\u00fccksservice ist so organisiert, sodass der richtige Abstand gew\u00e4hrleistet wird.<br \/>\nEs gibt das traditionelle B\u00fcffet, das besonders sicher gesch\u00fctzt ist.<br \/>\nAn sonnigen Tagen k\u00f6nnen Sie das Fr\u00fchst\u00fcck auf unserer Panoramaterrasse mit Meerblick im Freien genie\u00dfen.<\/p>\n<hr \/>\n<p><strong> <span style=\"background-color: #0b7abf;\"><span style=\"font-size: 19px;\"><span style=\"color: #fff;\">? Restaurant<\/span><\/span><\/span><\/strong><br \/>\nWie immer achten wir auf einen sorgf\u00e4ltigen und akkuraten Service, bei dem jedes Gericht von Chefkoch Paolo zubereitet wird und die h\u00f6chste Qualit\u00e4t der Speisen und des traditionellen B\u00fcffets bietet. Sie k\u00f6nnen von B\u00fcffet unter Vorspeisen, Nudelgerichten, Hauptg\u00e4ngen und Desserts w\u00e4hlen, was Sie vorziehen. Alles wird f\u00fcr Sie frisch serviert.<\/p>\n<p>Unser gro\u00dfer Speisesaal gew\u00e4hrleistete normalerweise schon den Abstand von mindestens 2 Metern zwischen einem Tisch und dem anderen und mit der offenen Veranda werden Sie den Eindruck haben, einen Schritt vom Meer entfernt zu speisen.<\/p>\n<hr \/>\n<p><strong> <span style=\"background-color: #0b7abf;\"><span style=\"font-size: 19px;\"><span style=\"color: #fff;\">? Unterhaltung<\/span><\/span><\/span><\/strong><br \/>\nWir rechnen im Voraus damit, dass einige Aktivit\u00e4ten umgebaut oder vor\u00fcbergehend ausgesetzt werden, bis die Vorschriften und beh\u00f6rdlichen Anordnungen bez\u00fcglich des Gesundheitsnotstands die Wiederaufnahme erlauben.<\/p>\n<p>Insbesondere werden aggregative Aktivit\u00e4ten wie die Animation im Schwimmbad, Shows, Baby-Club, Aperitifs und Musikpartys, die gleichzeitig viele G\u00e4ste anziehen, ausgesetzt. Alle Ma\u00dfnahmen haben das Ziel, Ansammlungen zu vermeiden, wie es zurzeit von den Anweisungen der Regierung aber auch von der Vernunft auferlegt wird.<\/p>\n<hr \/>\n<p><strong> <span style=\"background-color: #0b7abf;\"><span style=\"font-size: 19px;\"><span style=\"color: #fff;\">? Dienstleistungen und gemeinsame R\u00e4ume<br \/>\n<\/span><\/span><\/span><\/strong><br \/>\nDie Benutzung des Aufzugs, die Nutzung von Fahrr\u00e4dern und der Zugang zum Schwimmbad werden ebenfalls mit einigen Ausnahmen geregelt.<br \/>\nEs tut uns leid, dass der Fahrradverleih in diesem Jahr nicht m\u00f6glich sein wird.<br \/>\nDagegen ist der Parkplatz f\u00fcr alle G\u00e4ste gew\u00e4hrleistet.<\/p>\n<p>Rezeption, Aufzug, Schalter und T\u00fcrklinken werden mehrmals am Tag desinfiziert und Sie k\u00f6nnen in einigen Gemeinschaftsr\u00e4umen des Hotels Dosierflaschen mit Desinfektionsgel und n\u00fctzliche Informationen finden.<br \/>\nIn den gemeinsamen R\u00e4umen wird die Verwendung der Atemschutzmaske empfohlen.<\/p>\n<hr \/>\n<p><strong> <span style=\"background-color: #0b7abf;\"><span style=\"font-size: 19px;\"><span style=\"color: #fff;\">? Schwimmbad und Solarium<\/span><\/span><\/span><\/strong><br \/>\nIm Schwimmbad werden die Liegen, Tische, St\u00fchle und Fu\u00dfb\u00f6den regelm\u00e4\u00dfig mit zertifizierten Produkten desinfiziert. Der Zutritt ist nur mit vorheriger Reservierung erlaubt, um eine angemessene Anzahl von Personen und den richtigen Abstand zu gew\u00e4hrleisten.<\/p>\n<hr \/>\n<p><strong> <span style=\"background-color: #0b7abf;\"><span style=\"font-size: 19px;\"><span style=\"color: #fff;\">? Strand mit mehr verf\u00fcgbarem Platz<\/span><\/span><\/span><\/strong><br \/>\nEs gibt einen gr\u00f6\u00dferen Abstand zwischen den Sonnenschirmen f\u00fcr mehr Komfort und ausreichend Platz.<br \/>\nDie Strandb\u00e4der werden mehr Platz f\u00fcr alle, mehr Sicherheit und t\u00e4glich desinfizierte Liegen bieten.<br \/>\nDas gesamte Personal des Bades, samt Bar wird f\u00fcr den notwendigen zwischenmenschlichen Abstand von 1 Meter sorgen und Masken und Handschuhe tragen, was f\u00fcr die G\u00e4ste nicht erforderlich ist.<br \/>\nF\u00fcr die Kinderspiel- und Sportr\u00e4ume warten wir noch auf spezifische Regelungen.<\/p>\n<p>Aber vor allem: <strong>Sie k\u00f6nnen in aller Ruhe in der Sonne und im Meer baden. Und es ist sogar f\u00fcr die Gesundheit \u00e4u\u00dferst empfohlen!<\/strong> ?<\/p>\n","protected":false},"excerpt":{"rendered":"<p>Hier ist Ihr Urlaub sicher und noch unbeschwerter. Hier im Hotel Nettuno freuen wir uns darauf, Sie im n\u00e4chsten Sommer 2022 begr\u00fc\u00dfen zu d\u00fcrfen! Dank der Erfahrung der vorigen Sommersaison, haben wir einige der Zimmer und einige Aspekte unserer G\u00e4stebetreuung so angepasst, dass jeder Moment Ihres Aufenthalts im Hotel Nettuno zu einem angenehmen und sicheren Erlebnis wird. Lesen Sie hier unten, wie wir uns organisiert haben: ?\u200d? Schulung des Personals &#8230;<\/p>\n","protected":false},"author":1,"featured_media":0,"parent":0,"menu_order":0,"comment_status":"closed","ping_status":"closed","template":"","meta":{"_acf_changed":false},"class_list":["post-9923","page","type-page","status-publish","hentry"],"acf":[],"_links":{"self":[{"href":"https:\/\/www.hotelnettunoigea.it\/de\/wp-json\/wp\/v2\/pages\/9923","targetHints":{"allow":["GET"]}}],"collection":[{"href":"https:\/\/www.hotelnettunoigea.it\/de\/wp-json\/wp\/v2\/pages"}],"about":[{"href":"https:\/\/www.hotelnettunoigea.it\/de\/wp-json\/wp\/v2\/types\/page"}],"author":[{"embeddable":true,"href":"https:\/\/www.hotelnettunoigea.it\/de\/wp-json\/wp\/v2\/users\/1"}],"replies":[{"embeddable":true,"href":"https:\/\/www.hotelnettunoigea.it\/de\/wp-json\/wp\/v2\/comments?post=9923"}],"version-history":[{"count":2,"href":"https:\/\/www.hotelnettunoigea.it\/de\/wp-json\/wp\/v2\/pages\/9923\/revisions"}],"predecessor-version":[{"id":12086,"href":"https:\/\/www.hotelnettunoigea.it\/de\/wp-json\/wp\/v2\/pages\/9923\/revisions\/12086"}],"wp:attachment":[{"href":"https:\/\/www.hotelnettunoigea.it\/de\/wp-json\/wp\/v2\/media?parent=9923"}],"curies":[{"name":"wp","href":"https:\/\/api.w.org\/{rel}","templated":true}]}}