{"id":15085,"date":"2024-03-27T13:44:46","date_gmt":"2024-03-27T12:44:46","guid":{"rendered":"https:\/\/www.hotelnettunoigea.it\/domande-frequenti\/"},"modified":"2026-04-21T08:40:10","modified_gmt":"2026-04-21T06:40:10","slug":"questions-frequemment","status":"publish","type":"page","link":"https:\/\/www.hotelnettunoigea.it\/fr\/questions-frequemment\/","title":{"rendered":"Questions fr\u00e9quemment pos\u00e9es et r\u00e9ponses utiles"},"content":{"rendered":"<h3>Voici les r\u00e9ponses aux questions que nous recevons le plus souvent.<br \/>\nCes informations peuvent \u00e9galement vous \u00eatre utiles. Lisez-les et si vous avez des doutes, contactez-nous sans probl\u00e8me.<\/h3>\n","protected":false},"excerpt":{"rendered":"<p>Voici les r\u00e9ponses aux questions que nous recevons le plus souvent. Ces informations peuvent \u00e9galement vous \u00eatre utiles. Lisez-les et si vous avez des doutes, contactez-nous sans probl\u00e8me.<\/p>\n","protected":false},"author":1,"featured_media":0,"parent":0,"menu_order":0,"comment_status":"closed","ping_status":"closed","template":"template\/template.faq.php","meta":{"_acf_changed":false},"class_list":["post-15085","page","type-page","status-publish","hentry"],"acf":[],"_links":{"self":[{"href":"https:\/\/www.hotelnettunoigea.it\/fr\/wp-json\/wp\/v2\/pages\/15085","targetHints":{"allow":["GET"]}}],"collection":[{"href":"https:\/\/www.hotelnettunoigea.it\/fr\/wp-json\/wp\/v2\/pages"}],"about":[{"href":"https:\/\/www.hotelnettunoigea.it\/fr\/wp-json\/wp\/v2\/types\/page"}],"author":[{"embeddable":true,"href":"https:\/\/www.hotelnettunoigea.it\/fr\/wp-json\/wp\/v2\/users\/1"}],"replies":[{"embeddable":true,"href":"https:\/\/www.hotelnettunoigea.it\/fr\/wp-json\/wp\/v2\/comments?post=15085"}],"version-history":[{"count":12,"href":"https:\/\/www.hotelnettunoigea.it\/fr\/wp-json\/wp\/v2\/pages\/15085\/revisions"}],"predecessor-version":[{"id":15410,"href":"https:\/\/www.hotelnettunoigea.it\/fr\/wp-json\/wp\/v2\/pages\/15085\/revisions\/15410"}],"wp:attachment":[{"href":"https:\/\/www.hotelnettunoigea.it\/fr\/wp-json\/wp\/v2\/media?parent=15085"}],"curies":[{"name":"wp","href":"https:\/\/api.w.org\/{rel}","templated":true}]}}