{"id":574,"date":"2016-07-29T12:11:55","date_gmt":"2016-07-29T10:11:55","guid":{"rendered":"https:\/\/www.hotelnettunoigea.it\/pagina-di-esempio\/"},"modified":"2025-06-26T10:13:08","modified_gmt":"2025-06-26T08:13:08","slug":"pagina-di-esempio","status":"publish","type":"page","link":"https:\/\/www.hotelnettunoigea.it\/fr\/","title":{"rendered":"Nettuno, H\u00f4tel \u00e0 Igea Marina Front de mer"},"content":{"rendered":"<h2>Emplacement strat\u00e9gique, confort, hospitalit\u00e9: ce que vous voulez ?<\/h2>\n<p><strong>Directement sur la plage<\/strong>, <strong>dans le centre de Igea Marina<\/strong>. Le premier h\u00f4tel construit \u00e0 <a href=\"https:\/\/www.hotelnettunoigea.it\/fr\/igea-marina\/\"><strong>Igea Marina<\/strong><\/a>.<\/p>\n<p>G\u00e9r\u00e9 personnellement par la <strong>famille Ronchi<\/strong>, propri\u00e9taires depuis trois g\u00e9n\u00e9rations, une grande exp\u00e9rience, ma\u00eetres dans l&rsquo;<strong>hospitalit\u00e9 de la Romagne<\/strong>.<\/p>\n<p>La journ\u00e9e commence avec un <strong>excellent petit d\u00e9jeuner \u00e0 buffet<\/strong>, servi avec vue sur la mer. Le restaurant propose un <strong>service d&rsquo;origine, tr\u00e8s agr\u00e9able<\/strong>.<\/p>\n<p><a href=\"https:\/\/www.hotelnettunoigea.it\/fr\/petit-dejeuner\/\"><img loading=\"lazy\" decoding=\"async\" class=\"alignnone size-full wp-image-7446\" src=\"https:\/\/www.hotelnettunoigea.it\/wp-content\/uploads\/2018\/12\/banner-colazione-fr.jpg\" alt=\"\" width=\"696\" height=\"292\" data-big-size=\"696x292\" \/><\/a><\/p>\n","protected":false},"excerpt":{"rendered":"<p>Emplacement strat\u00e9gique, confort, hospitalit\u00e9: ce que vous voulez ? Directement sur la plage, dans le centre de Igea Marina. Le premier h\u00f4tel construit \u00e0 Igea Marina. G\u00e9r\u00e9 personnellement par la famille Ronchi, propri\u00e9taires depuis trois g\u00e9n\u00e9rations, une grande exp\u00e9rience, ma\u00eetres dans l&rsquo;hospitalit\u00e9 de la Romagne. La journ\u00e9e commence avec un excellent petit d\u00e9jeuner \u00e0 buffet, servi avec vue sur la mer. Le restaurant propose un service d&rsquo;origine, tr\u00e8s agr\u00e9able.<\/p>\n","protected":false},"author":1,"featured_media":0,"parent":0,"menu_order":0,"comment_status":"closed","ping_status":"open","template":"","meta":{"_acf_changed":false},"class_list":["post-574","page","type-page","status-publish","hentry"],"acf":[],"_links":{"self":[{"href":"https:\/\/www.hotelnettunoigea.it\/fr\/wp-json\/wp\/v2\/pages\/574","targetHints":{"allow":["GET"]}}],"collection":[{"href":"https:\/\/www.hotelnettunoigea.it\/fr\/wp-json\/wp\/v2\/pages"}],"about":[{"href":"https:\/\/www.hotelnettunoigea.it\/fr\/wp-json\/wp\/v2\/types\/page"}],"author":[{"embeddable":true,"href":"https:\/\/www.hotelnettunoigea.it\/fr\/wp-json\/wp\/v2\/users\/1"}],"replies":[{"embeddable":true,"href":"https:\/\/www.hotelnettunoigea.it\/fr\/wp-json\/wp\/v2\/comments?post=574"}],"version-history":[{"count":3,"href":"https:\/\/www.hotelnettunoigea.it\/fr\/wp-json\/wp\/v2\/pages\/574\/revisions"}],"predecessor-version":[{"id":15342,"href":"https:\/\/www.hotelnettunoigea.it\/fr\/wp-json\/wp\/v2\/pages\/574\/revisions\/15342"}],"wp:attachment":[{"href":"https:\/\/www.hotelnettunoigea.it\/fr\/wp-json\/wp\/v2\/media?parent=574"}],"curies":[{"name":"wp","href":"https:\/\/api.w.org\/{rel}","templated":true}]}}