{"id":594,"date":"2016-12-23T11:10:32","date_gmt":"2016-12-23T10:10:32","guid":{"rendered":"https:\/\/www.hotelnettunoigea.it\/offerte\/"},"modified":"2019-09-13T11:48:32","modified_gmt":"2019-09-13T09:48:32","slug":"offres","status":"publish","type":"page","link":"https:\/\/www.hotelnettunoigea.it\/fr\/offres\/","title":{"rendered":"Offres"},"content":{"rendered":"<h2><span class=\"tlid-translation translation\" lang=\"fr\"><span class=\"\" title=\"\">Les meilleures offres pour vos vacances \u00e0 Igea marina: vous \u00eates en face de la mer!<\/span><\/span><\/h2>\n<p>Vous recherchez l&rsquo;offre d&rsquo;h\u00f4tel id\u00e9ale \u00e0 Igea Marina? L&rsquo;<strong>h\u00f4tel Nettuno offre des possibilit\u00e9s pratiques<\/strong> de profiter du s\u00e9jour face \u00e0 la mer que vous souhaitez, en couple ou en famille.<\/p>\n","protected":false},"excerpt":{"rendered":"<p>Les meilleures offres pour vos vacances \u00e0 Igea marina: vous \u00eates en face de la mer! Vous recherchez l&rsquo;offre d&rsquo;h\u00f4tel id\u00e9ale \u00e0 Igea Marina? L&rsquo;h\u00f4tel Nettuno offre des possibilit\u00e9s pratiques de profiter du s\u00e9jour face \u00e0 la mer que vous souhaitez, en couple ou en famille.<\/p>\n","protected":false},"author":1,"featured_media":0,"parent":0,"menu_order":0,"comment_status":"closed","ping_status":"closed","template":"template\/template.offerte.php","meta":{"_acf_changed":false},"class_list":["post-594","page","type-page","status-publish","hentry"],"acf":[],"_links":{"self":[{"href":"https:\/\/www.hotelnettunoigea.it\/fr\/wp-json\/wp\/v2\/pages\/594","targetHints":{"allow":["GET"]}}],"collection":[{"href":"https:\/\/www.hotelnettunoigea.it\/fr\/wp-json\/wp\/v2\/pages"}],"about":[{"href":"https:\/\/www.hotelnettunoigea.it\/fr\/wp-json\/wp\/v2\/types\/page"}],"author":[{"embeddable":true,"href":"https:\/\/www.hotelnettunoigea.it\/fr\/wp-json\/wp\/v2\/users\/1"}],"replies":[{"embeddable":true,"href":"https:\/\/www.hotelnettunoigea.it\/fr\/wp-json\/wp\/v2\/comments?post=594"}],"version-history":[{"count":0,"href":"https:\/\/www.hotelnettunoigea.it\/fr\/wp-json\/wp\/v2\/pages\/594\/revisions"}],"wp:attachment":[{"href":"https:\/\/www.hotelnettunoigea.it\/fr\/wp-json\/wp\/v2\/media?parent=594"}],"curies":[{"name":"wp","href":"https:\/\/api.w.org\/{rel}","templated":true}]}}