{"id":602,"date":"2017-02-27T16:41:46","date_gmt":"2017-02-27T15:41:46","guid":{"rendered":"https:\/\/www.hotelnettunoigea.it\/appartamenti\/"},"modified":"2025-10-24T12:00:46","modified_gmt":"2025-10-24T10:00:46","slug":"appartements","status":"publish","type":"page","link":"https:\/\/www.hotelnettunoigea.it\/fr\/appartements\/","title":{"rendered":"Appartements sur la plage \u00e0 Igea Marina"},"content":{"rendered":"<p><strong>H\u00f4tel\u00a0Nettuno<\/strong>\u00a0dispose de <strong>deux\u00a0appartements neufs<\/strong>, \u00e0 c\u00f4t\u00e9 du\u00a0b\u00e2timent de l&rsquo;h\u00f4tel\u00a0situ\u00e9 dans le <strong>centre\u00a0de\u00a0Igea\u00a0Marina,\u00a0sur rue pi\u00e9tonne \u00e0 une vingtaine de\u00a0m\u00e8tres de la plage<\/strong>.<\/p>\n","protected":false},"excerpt":{"rendered":"<p>H\u00f4tel\u00a0Nettuno\u00a0dispose de deux\u00a0appartements neufs, \u00e0 c\u00f4t\u00e9 du\u00a0b\u00e2timent de l&rsquo;h\u00f4tel\u00a0situ\u00e9 dans le centre\u00a0de\u00a0Igea\u00a0Marina,\u00a0sur rue pi\u00e9tonne \u00e0 une vingtaine de\u00a0m\u00e8tres de la plage.<\/p>\n","protected":false},"author":1,"featured_media":0,"parent":0,"menu_order":0,"comment_status":"closed","ping_status":"closed","template":"template\/template.appartamenti.php","meta":{"_acf_changed":false},"class_list":["post-602","page","type-page","status-publish","hentry"],"acf":[],"_links":{"self":[{"href":"https:\/\/www.hotelnettunoigea.it\/fr\/wp-json\/wp\/v2\/pages\/602","targetHints":{"allow":["GET"]}}],"collection":[{"href":"https:\/\/www.hotelnettunoigea.it\/fr\/wp-json\/wp\/v2\/pages"}],"about":[{"href":"https:\/\/www.hotelnettunoigea.it\/fr\/wp-json\/wp\/v2\/types\/page"}],"author":[{"embeddable":true,"href":"https:\/\/www.hotelnettunoigea.it\/fr\/wp-json\/wp\/v2\/users\/1"}],"replies":[{"embeddable":true,"href":"https:\/\/www.hotelnettunoigea.it\/fr\/wp-json\/wp\/v2\/comments?post=602"}],"version-history":[{"count":12,"href":"https:\/\/www.hotelnettunoigea.it\/fr\/wp-json\/wp\/v2\/pages\/602\/revisions"}],"predecessor-version":[{"id":15354,"href":"https:\/\/www.hotelnettunoigea.it\/fr\/wp-json\/wp\/v2\/pages\/602\/revisions\/15354"}],"wp:attachment":[{"href":"https:\/\/www.hotelnettunoigea.it\/fr\/wp-json\/wp\/v2\/media?parent=602"}],"curies":[{"name":"wp","href":"https:\/\/api.w.org\/{rel}","templated":true}]}}