{"id":613,"date":"2017-02-27T12:52:00","date_gmt":"2017-02-27T11:52:00","guid":{"rendered":"https:\/\/www.hotelnettunoigea.it\/dove-siamo\/"},"modified":"2023-11-02T10:37:25","modified_gmt":"2023-11-02T09:37:25","slug":"ou-nous-sommes","status":"publish","type":"page","link":"https:\/\/www.hotelnettunoigea.it\/fr\/ou-nous-sommes\/","title":{"rendered":"Comment arriver \u00e0 l&rsquo;h\u00f4tel Nettuno \u00e0 Igea Marina?"},"content":{"rendered":"<h2>Nous sommes directement au bord de mer et facilement accessible en autobus, en train et en voiture<\/h2>\n<p><strong><span style=\"color: #58cfcb;\">Par la voiture:<\/span><\/strong> autoroute A14 sortie Rimini nord direction Igea Marina.<\/p>\n<p><span style=\"color: #58cfcb;\"><strong>Par le train qui arrive \u00e0 la gare de Rimini:<\/strong><\/span> le bus pour Igea est le n\u00b0 4 (direction Bellaria \u2013 San Mauro Mare).<\/p>\n<p><span style=\"color: #58cfcb;\"><strong>Par le train qui arrive \u00e0 la gare d\u2019Igea Marina: <\/strong><\/span>il suffit de suivre la rue pi\u00e9tonne jusqu&rsquo;\u00e0 la mer, l\u2019h\u00f4tel est \u00e0 proximit\u00e9.<span style=\"color: #58cfcb;\"><strong><br \/>\n<\/strong><\/span><\/p>\n<hr\/>\n<h3><strong>Nous sommes face \u00e0 la mer : il suffit de traverser la route du front de mer pour avoir les pieds dans le sable&#8230;<\/strong><\/h3>\n<div id='gallery-1' class='gallery galleryid-613 gallery-columns-3 gallery-size-medium'><figure class='gallery-item'>\n\t\t\t<div class='gallery-icon landscape'>\n\t\t\t\t<img loading=\"lazy\" decoding=\"async\" width=\"640\" height=\"450\" src=\"https:\/\/www.hotelnettunoigea.it\/wp-content\/uploads\/2017\/02\/Piscina_Panoramica_Hotel_Nettuno_Igea_Marina-1-640x450.jpg\" class=\"attachment-medium size-medium\" alt=\"\" \/>\n\t\t\t<\/div><\/figure><figure class='gallery-item'>\n\t\t\t<div class='gallery-icon landscape'>\n\t\t\t\t<img loading=\"lazy\" decoding=\"async\" width=\"640\" height=\"450\" src=\"https:\/\/www.hotelnettunoigea.it\/wp-content\/uploads\/2023\/03\/Camera_Nettuno_Hotel_Nettuno_Igea_Marina-5-640x450.jpg\" class=\"attachment-medium size-medium\" alt=\"\" \/>\n\t\t\t<\/div><\/figure><figure class='gallery-item'>\n\t\t\t<div class='gallery-icon landscape'>\n\t\t\t\t<img loading=\"lazy\" decoding=\"async\" width=\"640\" height=\"450\" src=\"https:\/\/www.hotelnettunoigea.it\/wp-content\/uploads\/2021\/08\/IMG_8685-640x450.jpg\" class=\"attachment-medium size-medium\" alt=\"\" \/>\n\t\t\t<\/div><\/figure><figure class='gallery-item'>\n\t\t\t<div class='gallery-icon landscape'>\n\t\t\t\t<img loading=\"lazy\" decoding=\"async\" width=\"640\" height=\"450\" src=\"https:\/\/www.hotelnettunoigea.it\/wp-content\/uploads\/2017\/02\/Vista-mare-dalla-terrazza-panoramica-640x450.jpg\" class=\"attachment-medium size-medium\" alt=\"\" \/>\n\t\t\t<\/div><\/figure>\n\t\t<\/div>\n\n","protected":false},"excerpt":{"rendered":"<p>Nous sommes directement au bord de mer et facilement accessible en autobus, en train et en voiture Par la voiture: autoroute A14 sortie Rimini nord direction Igea Marina. Par le train qui arrive \u00e0 la gare de Rimini: le bus pour Igea est le n\u00b0 4 (direction Bellaria \u2013 San Mauro Mare). Par le train qui arrive \u00e0 la gare d\u2019Igea Marina: il suffit de suivre la rue pi\u00e9tonne jusqu&rsquo;\u00e0 &#8230;<\/p>\n","protected":false},"author":1,"featured_media":0,"parent":0,"menu_order":0,"comment_status":"closed","ping_status":"closed","template":"template\/template.punti-di-interesse.php","meta":{"_acf_changed":false},"class_list":["post-613","page","type-page","status-publish","hentry"],"acf":[],"_links":{"self":[{"href":"https:\/\/www.hotelnettunoigea.it\/fr\/wp-json\/wp\/v2\/pages\/613","targetHints":{"allow":["GET"]}}],"collection":[{"href":"https:\/\/www.hotelnettunoigea.it\/fr\/wp-json\/wp\/v2\/pages"}],"about":[{"href":"https:\/\/www.hotelnettunoigea.it\/fr\/wp-json\/wp\/v2\/types\/page"}],"author":[{"embeddable":true,"href":"https:\/\/www.hotelnettunoigea.it\/fr\/wp-json\/wp\/v2\/users\/1"}],"replies":[{"embeddable":true,"href":"https:\/\/www.hotelnettunoigea.it\/fr\/wp-json\/wp\/v2\/comments?post=613"}],"version-history":[{"count":3,"href":"https:\/\/www.hotelnettunoigea.it\/fr\/wp-json\/wp\/v2\/pages\/613\/revisions"}],"predecessor-version":[{"id":14983,"href":"https:\/\/www.hotelnettunoigea.it\/fr\/wp-json\/wp\/v2\/pages\/613\/revisions\/14983"}],"wp:attachment":[{"href":"https:\/\/www.hotelnettunoigea.it\/fr\/wp-json\/wp\/v2\/media?parent=613"}],"curies":[{"name":"wp","href":"https:\/\/api.w.org\/{rel}","templated":true}]}}