{"id":660,"date":"2017-03-22T17:21:02","date_gmt":"2017-03-22T16:21:02","guid":{"rendered":"https:\/\/www.hotelnettunoigea.it\/servizi\/"},"modified":"2024-06-03T08:30:35","modified_gmt":"2024-06-03T06:30:35","slug":"services","status":"publish","type":"page","link":"https:\/\/www.hotelnettunoigea.it\/fr\/services\/","title":{"rendered":"Services et commodit\u00e9s"},"content":{"rendered":"<h3>Une fois arriv\u00e9s \u00e0 l&rsquo;h\u00f4tel, vous oublierez la voiture, car vous aurez la mer juste en face.<\/h3>\n<p>\u00c0 l&rsquo;<strong>H\u00f4tel Nettuno, h\u00f4tel 3 \u00e9toiles avec parking \u00e0 Igea Marina<\/strong>, vivez vos <strong>vacances \u00e0 la mer sans soucis<\/strong>, car vous savez qu&rsquo;\u00e0 votre arriv\u00e9e nous serons pleins d&rsquo;attention pour vous pour un s\u00e9jour plein de sourires.<\/p>\n<p>Chaque pi\u00e8ce, grande et lumineuse, est enti\u00e8rement climatis\u00e9e, des parties communes \u00e0 <strong>votre chambre avec vue sur la mer.<\/strong><\/p>\n<p>Le matin, au r\u00e9veil, vous saurez qu&rsquo;un <strong>d\u00e9licieux petit d\u00e9jeuner buffet vous attend sur la terrasse panoramique<\/strong> avec vue sur la mer pour commencer \u00e0 savourer le go\u00fbt des vacances d\u00e8s le d\u00e9but de la journ\u00e9e.<br \/>\nEt puis, \u00e0 vous de choisir: <strong>plage ou piscine avec hydromassage?<\/strong> En tout cas, il n&rsquo;y a aucune distance \u00e0 parcourir!<strong> Seulement 10 pas vous s\u00e9parent du sable dor\u00e9!<\/strong><\/p>\n<p><strong>Pour le d\u00e9jeuner et le d\u00eener?<\/strong> Il y a une <strong>cuisine ouverte, un service de buffet, avec des sp\u00e9cialit\u00e9s de poisson, de l\u00e9gumes et de viande grill\u00e9es sur le moment, des entr\u00e9es, des pizzas cuites au four sous vos yeux, le tout pr\u00e9par\u00e9 par Paolo qui s&rsquo;occupe personnellement des courses et cr\u00e9e pour vous les meilleurs plats de la tradition italienne et romagnole (ah oui &#8230; il y a aussi le buffet de desserts!)<\/strong><\/p>\n<p>Et pour les enfants, il y a <strong>toute l&rsquo;<a href=\"https:\/\/www.hotelnettunoigea.it\/fr\/animation\/\">animation<\/a> qu&rsquo;ils recherchent<\/strong> (\u00e0 l&rsquo;h\u00f4tel et sur la plage) et une aire de jeux o\u00f9 ils peuvent s&rsquo;amuser en toute s\u00e9curit\u00e9.<\/p>\n<hr \/>\n<h3><span style=\"font-weight: 400;\">\u267b Mot d&rsquo;ordre: <strong>durabilit\u00e9!<\/strong><\/span><\/h3>\n<p><span style=\"font-weight: 400;\">A l&rsquo;H\u00f4tel Nettuno vos vacances respectent l&rsquo;environnement: d\u00e9couvrez \u00e0 quel point nous sommes <a href=\"https:\/\/www.hotelnettunoigea.it\/fr\/hotel-ecologique-a-bellaria-igea-marina\/\" target=\"_blank\" rel=\"noopener\"><strong>respectueux de l&rsquo;environnement <\/strong><\/a> \ud83c\udf31 <span style=\"font-weight: 400;\">et suivez notre exemple aussi chez vous!<\/span><\/span><\/p>\n<hr \/>\n<h3>Voici tous les services inclus dans votre s\u00e9jour:<\/h3>\n<ul>\n<li><strong>Cuisine ouverte<\/strong>, avec<strong> menu de viande et de poisson tous les jours<\/strong>, pour le d\u00e9jeuner et le d\u00eener;<\/li>\n<li>Irr\u00e9sistible <strong>petit-d\u00e9jeuner buffet sucr\u00e9 et sal\u00e9 avec vue panoramique<\/strong>;<\/li>\n<li><strong>Animation<\/strong> pour les enfants (et pour les adultes aussi !);<\/li>\n<li><strong>Terrasse solarium<\/strong> avec vue sur la mer avec <strong>piscine et hydromassage<\/strong>;<\/li>\n<li>Aire de jeux dans l&rsquo;h\u00f4tel et \u00e0 la plage;<\/li>\n<li><strong>Bar am\u00e9ricain et v\u00e9randa avec tables<\/strong> donnant sur la promenade;<\/li>\n<li>Location gratuite de <strong>6 v\u00e9los<\/strong>\u00a0(de 8h00 \u00e0 20h00);<\/li>\n<li><strong>R\u00e9ception 24h \/ 24.<\/strong><\/li>\n<\/ul>\n","protected":false},"excerpt":{"rendered":"<p>Une fois arriv\u00e9s \u00e0 l&rsquo;h\u00f4tel, vous oublierez la voiture, car vous aurez la mer juste en face. \u00c0 l&rsquo;H\u00f4tel Nettuno, h\u00f4tel 3 \u00e9toiles avec parking \u00e0 Igea Marina, vivez vos vacances \u00e0 la mer sans soucis, car vous savez qu&rsquo;\u00e0 votre arriv\u00e9e nous serons pleins d&rsquo;attention pour vous pour un s\u00e9jour plein de sourires. Chaque pi\u00e8ce, grande et lumineuse, est enti\u00e8rement climatis\u00e9e, des parties communes \u00e0 votre chambre avec vue &#8230;<\/p>\n","protected":false},"author":1,"featured_media":0,"parent":0,"menu_order":0,"comment_status":"closed","ping_status":"closed","template":"","meta":{"_acf_changed":false},"class_list":["post-660","page","type-page","status-publish","hentry"],"acf":[],"_links":{"self":[{"href":"https:\/\/www.hotelnettunoigea.it\/fr\/wp-json\/wp\/v2\/pages\/660","targetHints":{"allow":["GET"]}}],"collection":[{"href":"https:\/\/www.hotelnettunoigea.it\/fr\/wp-json\/wp\/v2\/pages"}],"about":[{"href":"https:\/\/www.hotelnettunoigea.it\/fr\/wp-json\/wp\/v2\/types\/page"}],"author":[{"embeddable":true,"href":"https:\/\/www.hotelnettunoigea.it\/fr\/wp-json\/wp\/v2\/users\/1"}],"replies":[{"embeddable":true,"href":"https:\/\/www.hotelnettunoigea.it\/fr\/wp-json\/wp\/v2\/comments?post=660"}],"version-history":[{"count":4,"href":"https:\/\/www.hotelnettunoigea.it\/fr\/wp-json\/wp\/v2\/pages\/660\/revisions"}],"predecessor-version":[{"id":15122,"href":"https:\/\/www.hotelnettunoigea.it\/fr\/wp-json\/wp\/v2\/pages\/660\/revisions\/15122"}],"wp:attachment":[{"href":"https:\/\/www.hotelnettunoigea.it\/fr\/wp-json\/wp\/v2\/media?parent=660"}],"curies":[{"name":"wp","href":"https:\/\/api.w.org\/{rel}","templated":true}]}}