{"id":9926,"date":"2020-05-27T08:54:30","date_gmt":"2020-05-27T06:54:30","guid":{"rendered":"https:\/\/www.hotelnettunoigea.it\/estate-sicura\/"},"modified":"2022-02-08T10:24:31","modified_gmt":"2022-02-08T09:24:31","slug":"vacances-en-toute-securite-en-italie","status":"publish","type":"page","link":"https:\/\/www.hotelnettunoigea.it\/fr\/vacances-en-toute-securite-en-italie\/","title":{"rendered":"VACANCES EN S\u00c9CURIT\u00c9 \u00c0 L\u2019H\u00d4TEL NETTUNO \u00c0 IGEA MARINA"},"content":{"rendered":"<p style=\"float: left; margin-right: 5px;\"><img loading=\"lazy\" decoding=\"async\" class=\"size-full wp-image-9090 alignleft\" src=\"https:\/\/www.hotelnettunoigea.it\/wp-content\/uploads\/2020\/05\/certificato.png\" alt=\"\" width=\"40\" height=\"40\" data-big-size=\"40x40\" \/><\/p>\n<h2>Ici vos Vacances sont s\u00fbres et encore plus sereines<\/h2>\n<p>Ici, \u00e0 l\u2019H\u00f4tel Nettuno, nous avons h\u00e2te de vous accueillir\u00a0 cette l&rsquo;\u00e9t\u00e9 2022!<br \/>\nAussi pour la saison prochaine, gr\u00e2ce \u00e0 l&rsquo;exp\u00e9rience de la saison pass\u00e9e, nous avons r\u00e9adapt\u00e9 notre structure et certains aspects de notre hospitalit\u00e9 afin de garantir que chaque moment de <strong>votre s\u00e9jour \u00e0 l&rsquo;h\u00f4tel Nettuno soit une exp\u00e9rience agr\u00e9able et s\u00fbre.<\/strong><\/p>\n<p>&nbsp;<\/p>\n<h3>Voici une pr\u00e9sentation de notre organisation :<\/h3>\n<hr \/>\n<p><strong> <span style=\"background-color: #0b7abf;\"><span style=\"font-size: 19px;\"><span style=\"color: #fff;\">?\u200d? Formation du personnel <\/span><\/span><\/span><\/strong><br \/>\nNous avons lu, \u00e9tudi\u00e9 et suivi des formations sp\u00e9cifiques, visant \u00e0 r\u00e9duire au maximum toute possibilit\u00e9 de contagion et \u00e0 garantir le plus grand professionnalisme pour la s\u00e9curit\u00e9 de tous.<\/p>\n<hr \/>\n<p><strong> <span style=\"background-color: #0b7abf;\"><span style=\"font-size: 19px;\"><span style=\"color: #fff;\">? Certification du personnel <\/span><\/span><\/span><\/strong><br \/>\nNous contr\u00f4lons r\u00e9guli\u00e8rement la sant\u00e9 de l&rsquo;ensemble de notre personnel, y compris leur \u00e9tat d\u2019immunisation.<\/p>\n<hr \/>\n<p><strong> <span style=\"background-color: #0b7abf;\"><span style=\"font-size: 19px;\"><span style=\"color: #fff;\">? Assainissement des chambres<\/span><\/span><\/span><\/strong><br \/>\nEn plus du nettoyage traditionnel, l\u2019assainissement sp\u00e9cial de chaque surface est effectu\u00e9 quotidiennement dans chaque chambre.<br \/>\nLe lavage et la d\u00e9sinfection du linge sont certifi\u00e9s. Pour optimiser l&rsquo;hygi\u00e8ne, l&rsquo;ameublement des chambres sera plus minimaliste.<br \/>\nSi vous pr\u00e9f\u00e9rez que personne n&rsquo;entre dans votre chambre pendant votre s\u00e9jour, vous recevrez du linge propre et un kit de nettoyage pour l&rsquo;hygi\u00e8ne quotidienne de votre chambre.<br \/>\nVous pouvez le communiquer \u00e9galement au moment de la r\u00e9servation.<\/p>\n<hr \/>\n<p><strong> <span style=\"background-color: #0b7abf;\"><span style=\"font-size: 19px;\"><span style=\"color: #fff;\">? Proc\u00e9dures simplifi\u00e9es pour l\u2019enregistrement et le d\u00e9part <\/span><\/span><\/span><\/strong><br \/>\nVous pourrez effectuer la plupart des op\u00e9rations administratives en ligne, avant votre arriv\u00e9e.<br \/>\nD\u00e8s votre arriv\u00e9e, vous trouverez \u00e0 la r\u00e9ception un parcours con\u00e7u pour assurer la distanciation sociale.<br \/>\nNous vous remettons la cl\u00e9 d\u00e9sinfect\u00e9e de votre chambre, que vous pouvez garder jusqu&rsquo;au jour du d\u00e9part.<\/p>\n<hr \/>\n<p><strong> <span style=\"background-color: #0b7abf;\"><span style=\"font-size: 19px;\"><span style=\"color: #fff;\">? R\u00e9servations plus flexibles<\/span><\/span><\/span><\/strong><br \/>\nPlus de libert\u00e9 dans le choix des dates du s\u00e9jour et dans la possibilit\u00e9 de renvoyer votre r\u00e9servation sans p\u00e9nalit\u00e9s.<\/p>\n<hr \/>\n<p><strong> <span style=\"background-color: #0b7abf;\"><span style=\"font-size: 19px;\"><span style=\"color: #fff;\">? Le petit-d\u00e9jeuner <\/span><\/span><\/span><\/strong><br \/>\nLe service est organis\u00e9 de mani\u00e8re \u00e0 assurer une distanciation ad\u00e9quate.<br \/>\nIl y aura le buffet traditionnel, prot\u00e9g\u00e9 en toute s\u00e9curit\u00e9.<br \/>\nLes jours de soleil, la terrasse panoramique avec vue sur la mer vous attend pour un petit-d\u00e9jeuner en plein air.<\/p>\n<hr \/>\n<p><strong> <span style=\"background-color: #0b7abf;\"><span style=\"font-size: 19px;\"><span style=\"color: #fff;\">? Le restaurant <\/span><\/span><\/span><\/strong><br \/>\nUn service pr\u00e9cis et attentionn\u00e9, comme toujours. Plats de haute qualit\u00e9, comme ceux du buffet traditionnel, pr\u00e9par\u00e9s par le chef Paolo.<br \/>\nVous pouvez choisir ce que vous pr\u00e9f\u00e9rez du buffet parmi : ap\u00e9ritifs, entr\u00e9es, plats principaux et desserts qui vous seront servis sur le moment.<br \/>\nNotre grande salle \u00e0 manger garantissait d\u00e9j\u00e0 une distance d&rsquo;au moins 2 m\u00e8tres entre les tables et, avec la v\u00e9randa ouverte, ce sera comme manger \u00e0 deux pas de la mer.<\/p>\n<hr \/>\n<p><strong> <span style=\"background-color: #0b7abf;\"><span style=\"font-size: 19px;\"><span style=\"color: #fff;\">? Animation <\/span><\/span><\/span><\/strong><br \/>\nCertaines activit\u00e9s subiront des variations ou une suspension temporaire jusqu&rsquo;\u00e0 ce que les r\u00e8glements et les d\u00e9crets officiels concernant l&rsquo;urgence sanitaire ne permettent pas leur r\u00e9int\u00e9gration.<br \/>\nEn particulier, les activit\u00e9s d\u2019agr\u00e9gation telles que les jeux d\u2019animation en piscine, les spectacles, les baby clubs, les ap\u00e9ritifs et les soir\u00e9es musicales qui attirent de nombreux clients seront suspendus.<br \/>\nTout cela dans le but d&rsquo;\u00e9viter les rassemblements comme l&rsquo;exigent actuellement les indications gouvernementales et le bon sens.<\/p>\n<hr \/>\n<p><strong> <span style=\"background-color: #0b7abf;\"><span style=\"font-size: 19px;\"><span style=\"color: #fff;\">? Services et Espaces Communs<\/span><\/span><\/span><\/strong><br \/>\nL&rsquo;utilisation de l&rsquo;ascenseur et des v\u00e9los et l&rsquo;acc\u00e8s \u00e0 la piscine seront \u00e9galement r\u00e9glement\u00e9s \u00e0 quelques exceptions pr\u00e8s.<br \/>\nCette ann\u00e9e, l\u2019emprunt des v\u00e9los n&rsquo;est pas possible et nous en sommes d\u00e9sol\u00e9s. Toutefois, le parking est garanti pour tous les clients.<br \/>\nLa r\u00e9ception, l&rsquo;ascenseur, les interrupteurs et les poign\u00e9es sont d\u00e9sinfect\u00e9s plusieurs fois par jour et vous trouverez des distributeurs de gel d\u00e9sinfectant et de nombreux avis utiles dans les diff\u00e9rentes zones de l&rsquo;h\u00f4tel.<\/p>\n<p>Dans les parties communes de l&rsquo;h\u00f4tel il est recommand\u00e9 de porter le masque.<\/p>\n<hr \/>\n<p><strong> <span style=\"background-color: #0b7abf;\"><span style=\"font-size: 19px;\"><span style=\"color: #fff;\">? Piscine et Solarium <\/span><\/span><\/span><\/strong><br \/>\nLes transats, les tables, les si\u00e8ges et les sols de la piscine sont r\u00e9guli\u00e8rement d\u00e9sinfect\u00e9s avec des produits certifi\u00e9s et l&rsquo;entr\u00e9e se fait sur r\u00e9servation, afin de garantir un nombre de personnes ad\u00e9quat et une bonne distanciation.<\/p>\n<hr \/>\n<p><strong> <span style=\"background-color: #0b7abf;\"><span style=\"font-size: 19px;\"><span style=\"color: #fff;\">? Plage avec plus de place \u00e0 disposition <\/span><\/span><\/span><\/strong><br \/>\nMUne plus grande distance entre les parasols \u00e0 fin d\u2019offrir un plus grand confort et d\u2019assurer un espace ad\u00e9quat.<br \/>\nLes \u00e9tablissements baln\u00e9aires auront plus de place pour tous, plus de s\u00e9curit\u00e9 et des transats d\u00e9sinfect\u00e9s chaque jour.<br \/>\nLe ma\u00eetre-nageur et tout le personnel du bar garantiront la distance interpersonnelle requise de 1 m\u00e8tre et utiliseront des masques et des gants, ces derni\u00e8res n\u2019\u00e9tant pas obligatoires pour les clients d\u2019h\u00f4tel.<br \/>\nLes jeux pour les enfants et les espaces d\u00e9di\u00e9s aux sports sont encore en attente d&rsquo;une l\u00e9gislation sp\u00e9cifique.<\/p>\n<p>Mais surtout : <strong>les baignades en mer peuvent se faire en toute tranquillit\u00e9 et elles sont fortement recommande\u00e9s pour la sant\u00e9<\/strong> ?!<\/p>\n<p>&nbsp;<\/p>\n","protected":false},"excerpt":{"rendered":"<p>Ici vos Vacances sont s\u00fbres et encore plus sereines Ici, \u00e0 l\u2019H\u00f4tel Nettuno, nous avons h\u00e2te de vous accueillir\u00a0 cette l&rsquo;\u00e9t\u00e9 2022! Aussi pour la saison prochaine, gr\u00e2ce \u00e0 l&rsquo;exp\u00e9rience de la saison pass\u00e9e, nous avons r\u00e9adapt\u00e9 notre structure et certains aspects de notre hospitalit\u00e9 afin de garantir que chaque moment de votre s\u00e9jour \u00e0 l&rsquo;h\u00f4tel Nettuno soit une exp\u00e9rience agr\u00e9able et s\u00fbre. &nbsp; Voici une pr\u00e9sentation de notre organisation &#8230;<\/p>\n","protected":false},"author":1,"featured_media":0,"parent":0,"menu_order":0,"comment_status":"closed","ping_status":"closed","template":"","meta":{"_acf_changed":false},"class_list":["post-9926","page","type-page","status-publish","hentry"],"acf":[],"_links":{"self":[{"href":"https:\/\/www.hotelnettunoigea.it\/fr\/wp-json\/wp\/v2\/pages\/9926","targetHints":{"allow":["GET"]}}],"collection":[{"href":"https:\/\/www.hotelnettunoigea.it\/fr\/wp-json\/wp\/v2\/pages"}],"about":[{"href":"https:\/\/www.hotelnettunoigea.it\/fr\/wp-json\/wp\/v2\/types\/page"}],"author":[{"embeddable":true,"href":"https:\/\/www.hotelnettunoigea.it\/fr\/wp-json\/wp\/v2\/users\/1"}],"replies":[{"embeddable":true,"href":"https:\/\/www.hotelnettunoigea.it\/fr\/wp-json\/wp\/v2\/comments?post=9926"}],"version-history":[{"count":2,"href":"https:\/\/www.hotelnettunoigea.it\/fr\/wp-json\/wp\/v2\/pages\/9926\/revisions"}],"predecessor-version":[{"id":12085,"href":"https:\/\/www.hotelnettunoigea.it\/fr\/wp-json\/wp\/v2\/pages\/9926\/revisions\/12085"}],"wp:attachment":[{"href":"https:\/\/www.hotelnettunoigea.it\/fr\/wp-json\/wp\/v2\/media?parent=9926"}],"curies":[{"name":"wp","href":"https:\/\/api.w.org\/{rel}","templated":true}]}}